{"id":3125,"date":"2023-02-02T13:53:23","date_gmt":"2023-02-02T12:53:23","guid":{"rendered":"https:\/\/if-rwanda.org\/who-we-are\/"},"modified":"2023-02-24T10:58:04","modified_gmt":"2023-02-24T09:58:04","slug":"who-we-are","status":"publish","type":"page","link":"https:\/\/if-rwanda.org\/en\/who-we-are\/","title":{"rendered":"Who we are?"},"content":{"rendered":"\t\t<div data-elementor-type=\"wp-page\" data-elementor-id=\"3125\" class=\"elementor elementor-3125 elementor-2674\" data-elementor-post-type=\"page\">\n\t\t\t\t\t\t<section class=\"elementor-section elementor-top-section elementor-element elementor-element-032380b elementor-section-full_width elementor-section-height-min-height animated-slow elementor-section-height-default elementor-section-items-middle wpr-particle-no wpr-jarallax-no wpr-parallax-no wpr-sticky-section-no elementor-invisible\" data-id=\"032380b\" data-element_type=\"section\" data-settings=\"{&quot;shape_divider_bottom&quot;:&quot;triangle-asymmetrical&quot;,&quot;shape_divider_bottom_negative&quot;:&quot;yes&quot;,&quot;animation&quot;:&quot;fadeInDown&quot;}\">\n\t\t\t\t\t<div class=\"elementor-shape elementor-shape-bottom\" aria-hidden=\"true\" data-negative=\"true\">\n\t\t\t<svg xmlns=\"http:\/\/www.w3.org\/2000\/svg\" viewBox=\"0 0 1000 100\" preserveAspectRatio=\"none\">\n\t<path class=\"elementor-shape-fill\" d=\"M737.9,94.7L0,0v100h1000V0L737.9,94.7z\"\/>\n<\/svg>\t\t<\/div>\n\t\t\t\t\t<div class=\"elementor-container elementor-column-gap-default\">\n\t\t\t\t\t<div class=\"elementor-column elementor-col-100 elementor-top-column elementor-element elementor-element-f772b1e\" data-id=\"f772b1e\" data-element_type=\"column\">\n\t\t\t<div class=\"elementor-widget-wrap elementor-element-populated\">\n\t\t\t\t\t\t<div class=\"elementor-element elementor-element-bc92b89 elementor--h-position-center elementor--v-position-middle elementor-widget elementor-widget-slides\" data-id=\"bc92b89\" data-element_type=\"widget\" data-settings=\"{&quot;navigation&quot;:&quot;none&quot;,&quot;autoplay&quot;:&quot;yes&quot;,&quot;pause_on_hover&quot;:&quot;yes&quot;,&quot;pause_on_interaction&quot;:&quot;yes&quot;,&quot;autoplay_speed&quot;:5000,&quot;infinite&quot;:&quot;yes&quot;,&quot;transition&quot;:&quot;slide&quot;,&quot;transition_speed&quot;:500}\" data-widget_type=\"slides.default\">\n\t\t\t\t<div class=\"elementor-widget-container\">\n\t\t\t\t\t\t\t\t\t<div class=\"elementor-swiper\">\n\t\t\t\t\t<div class=\"elementor-slides-wrapper elementor-main-swiper swiper\" role=\"region\" aria-roledescription=\"carousel\" aria-label=\"Slides\" dir=\"ltr\" data-animation=\"fadeInUp\">\n\t\t\t\t<div class=\"swiper-wrapper elementor-slides\">\n\t\t\t\t\t\t\t\t\t\t<div class=\"elementor-repeater-item-f83796e swiper-slide\" role=\"group\" aria-roledescription=\"slide\"><div class=\"swiper-slide-bg\" role=\"img\" aria-label=\"institut-francais-kigali-equipe-3\"><\/div><div class=\"elementor-background-overlay\"><\/div><div class=\"swiper-slide-inner\" ><div class=\"swiper-slide-contents\"><div class=\"elementor-slide-heading\">Who we are?<\/div><div class=\"elementor-slide-description\"><p>The French Institute of Rwanda welcomes you throughout the year in its Cultural Centre located in Kigali.<\/p>\n<\/div><\/div><\/div><\/div>\t\t\t\t<\/div>\n\t\t\t\t\t\t\t<\/div>\n\t\t\t\t<\/div>\n\t\t\t\t\t\t\t\t<\/div>\n\t\t\t\t<\/div>\n\t\t\t\t\t<\/div>\n\t\t<\/div>\n\t\t\t\t\t<\/div>\n\t\t<\/section>\n\t\t\t\t<section class=\"elementor-section elementor-top-section elementor-element elementor-element-be97348 elementor-section-full_width elementor-section-height-default elementor-section-height-default wpr-particle-no wpr-jarallax-no wpr-parallax-no wpr-sticky-section-no elementor-invisible\" data-id=\"be97348\" data-element_type=\"section\" data-settings=\"{&quot;animation&quot;:&quot;fadeIn&quot;,&quot;animation_delay&quot;:300}\">\n\t\t\t\t\t\t<div class=\"elementor-container elementor-column-gap-default\">\n\t\t\t\t\t<div class=\"elementor-column elementor-col-100 elementor-top-column elementor-element elementor-element-b180788\" data-id=\"b180788\" data-element_type=\"column\">\n\t\t\t<div class=\"elementor-widget-wrap elementor-element-populated\">\n\t\t\t\t\t\t<div class=\"elementor-element elementor-element-d243e3a elementor-headline--style-highlight elementor-widget elementor-widget-animated-headline\" data-id=\"d243e3a\" data-element_type=\"widget\" data-settings=\"{&quot;marker&quot;:&quot;underline_zigzag&quot;,&quot;highlighted_text&quot;:&quot;staff&quot;,&quot;headline_style&quot;:&quot;highlight&quot;,&quot;loop&quot;:&quot;yes&quot;,&quot;highlight_animation_duration&quot;:1200,&quot;highlight_iteration_delay&quot;:8000}\" data-widget_type=\"animated-headline.default\">\n\t\t\t\t<div class=\"elementor-widget-container\">\n\t\t\t\t\t\t\t<h3 class=\"elementor-headline\">\n\t\t\t\t\t<span class=\"elementor-headline-plain-text elementor-headline-text-wrapper\">Our<\/span>\n\t\t\t\t<span class=\"elementor-headline-dynamic-wrapper elementor-headline-text-wrapper\">\n\t\t\t\t\t<span class=\"elementor-headline-dynamic-text elementor-headline-text-active\">staff<\/span>\n\t\t\t\t<\/span>\n\t\t\t\t<\/h3>\n\t\t\t\t\t\t<\/div>\n\t\t\t\t<\/div>\n\t\t\t\t<div class=\"elementor-element elementor-element-8bc47ef elementor-widget elementor-widget-text-editor\" data-id=\"8bc47ef\" data-element_type=\"widget\" data-widget_type=\"text-editor.default\">\n\t\t\t\t<div class=\"elementor-widget-container\">\n\t\t\t\t\t\t\t\t\tThe French Institute of Rwanda belongs to a large cultural network, composed of more than one hundred French Institutes in the world.\nThe IFR aims to be a platform for exchange and dialogue, offering you several annual sessions of French courses, various cultural events and also support for joining a French university.\t\t\t\t\t\t\t\t<\/div>\n\t\t\t\t<\/div>\n\t\t\t\t<section class=\"elementor-section elementor-inner-section elementor-element elementor-element-f3a6359 elementor-section-boxed elementor-section-height-default elementor-section-height-default wpr-particle-no wpr-jarallax-no wpr-parallax-no wpr-sticky-section-no elementor-invisible\" data-id=\"f3a6359\" data-element_type=\"section\" data-settings=\"{&quot;animation&quot;:&quot;fadeInUp&quot;,&quot;background_background&quot;:&quot;gradient&quot;}\">\n\t\t\t\t\t\t<div class=\"elementor-container elementor-column-gap-default\">\n\t\t\t\t\t<div class=\"elementor-column elementor-col-100 elementor-inner-column elementor-element elementor-element-6bf387d\" data-id=\"6bf387d\" data-element_type=\"column\">\n\t\t\t<div class=\"elementor-widget-wrap elementor-element-populated\">\n\t\t\t\t\t\t<div class=\"elementor-element elementor-element-df2a344 elementor-widget elementor-widget-image\" data-id=\"df2a344\" data-element_type=\"widget\" data-widget_type=\"image.default\">\n\t\t\t\t<div class=\"elementor-widget-container\">\n\t\t\t\t\t\t\t\t\t\t\t\t\t\t\t<img fetchpriority=\"high\" decoding=\"async\" width=\"1382\" height=\"921\" src=\"https:\/\/if-rwanda.org\/wp-content\/uploads\/2023\/02\/institut-francais-rwanda-kigali-equipe.jpg\" class=\"attachment-full size-full wp-image-3103\" alt=\"\" srcset=\"https:\/\/if-rwanda.org\/wp-content\/uploads\/2023\/02\/institut-francais-rwanda-kigali-equipe.jpg 1382w, https:\/\/if-rwanda.org\/wp-content\/uploads\/2023\/02\/institut-francais-rwanda-kigali-equipe-300x200.jpg 300w, https:\/\/if-rwanda.org\/wp-content\/uploads\/2023\/02\/institut-francais-rwanda-kigali-equipe-1024x682.jpg 1024w, https:\/\/if-rwanda.org\/wp-content\/uploads\/2023\/02\/institut-francais-rwanda-kigali-equipe-768x512.jpg 768w\" sizes=\"(max-width: 1382px) 100vw, 1382px\" \/>\t\t\t\t\t\t\t\t\t\t\t\t\t\t\t<\/div>\n\t\t\t\t<\/div>\n\t\t\t\t\t<\/div>\n\t\t<\/div>\n\t\t\t\t\t<\/div>\n\t\t<\/section>\n\t\t\t\t<div class=\"elementor-element elementor-element-f26d36e elementor-widget elementor-widget-image\" data-id=\"f26d36e\" data-element_type=\"widget\" data-settings=\"{&quot;motion_fx_motion_fx_mouse&quot;:&quot;yes&quot;,&quot;motion_fx_mouseTrack_effect&quot;:&quot;yes&quot;,&quot;motion_fx_mouseTrack_speed&quot;:{&quot;unit&quot;:&quot;px&quot;,&quot;size&quot;:1,&quot;sizes&quot;:[]}}\" data-widget_type=\"image.default\">\n\t\t\t\t<div class=\"elementor-widget-container\">\n\t\t\t\t\t\t\t\t\t\t\t\t\t\t\t<img decoding=\"async\" width=\"150\" height=\"150\" src=\"https:\/\/if-rwanda.org\/wp-content\/uploads\/2022\/12\/carre-jaune-institut-francais-rwanda.jpg\" class=\"attachment-large size-large wp-image-2977\" alt=\"\" \/>\t\t\t\t\t\t\t\t\t\t\t\t\t\t\t<\/div>\n\t\t\t\t<\/div>\n\t\t\t\t\t<\/div>\n\t\t<\/div>\n\t\t\t\t\t<\/div>\n\t\t<\/section>\n\t\t\t\t<section class=\"elementor-section elementor-top-section elementor-element elementor-element-3d39a17 elementor-section-full_width elementor-section-height-default elementor-section-height-default wpr-particle-no wpr-jarallax-no wpr-parallax-no wpr-sticky-section-no\" data-id=\"3d39a17\" data-element_type=\"section\">\n\t\t\t\t\t\t<div class=\"elementor-container elementor-column-gap-default\">\n\t\t\t\t\t<div class=\"elementor-column elementor-col-100 elementor-top-column elementor-element elementor-element-67cde59\" data-id=\"67cde59\" data-element_type=\"column\">\n\t\t\t<div class=\"elementor-widget-wrap elementor-element-populated\">\n\t\t\t\t\t\t<section class=\"elementor-section elementor-inner-section elementor-element elementor-element-f65a624 elementor-section-full_width elementor-section-height-default elementor-section-height-default wpr-particle-no wpr-jarallax-no wpr-parallax-no wpr-sticky-section-no\" data-id=\"f65a624\" data-element_type=\"section\">\n\t\t\t\t\t\t<div class=\"elementor-container elementor-column-gap-default\">\n\t\t\t\t\t<div class=\"elementor-column elementor-col-50 elementor-inner-column elementor-element elementor-element-b2743ac\" data-id=\"b2743ac\" data-element_type=\"column\">\n\t\t\t<div class=\"elementor-widget-wrap elementor-element-populated\">\n\t\t\t\t\t\t<div class=\"elementor-element elementor-element-d2226b8 elementor-widget elementor-widget-text-editor\" data-id=\"d2226b8\" data-element_type=\"widget\" data-widget_type=\"text-editor.default\">\n\t\t\t\t<div class=\"elementor-widget-container\">\n\t\t\t\t\t\t\t\t\t<ul>\n \t<li><span style=\"font-weight: 400;\">Adriana Domagala<\/span>\nCooperation and Cultural Action Counselor and Director<\/li>\n \t<li><span style=\"font-weight: 400; margin-top: 15px;\">Johan-Hilel Hamel<\/span>\nManaging director<\/li>\n \t<li><span style=\"font-weight: 400;\">Florent Massat<\/span>\nCooperation and Cultural Action Attach\u00e9<\/li>\n \t<li><span style=\"font-weight: 400;\">Clara Couturier<\/span>\nGeneral secretary<\/li>\n \t<li><span style=\"font-weight: 400;\">Damien Cattez<\/span>\nAccountant<\/li>\n \t<li><span style=\"font-weight: 400;\">Gr\u00e2ce Mugeni<\/span>\nAccountant assistant<\/li>\n \t<li><span style=\"font-weight: 400;\">Clotilde Lecoeur <\/span>\nCultural and communications manager<\/li>\n \t<li><span style=\"font-weight: 400;\">Ana\u00eblle Gioia<\/span>\nPedagogical manager<\/li>\n<\/ul>\t\t\t\t\t\t\t\t<\/div>\n\t\t\t\t<\/div>\n\t\t\t\t\t<\/div>\n\t\t<\/div>\n\t\t\t\t<div class=\"elementor-column elementor-col-50 elementor-inner-column elementor-element elementor-element-3754f86\" data-id=\"3754f86\" data-element_type=\"column\">\n\t\t\t<div class=\"elementor-widget-wrap elementor-element-populated\">\n\t\t\t\t\t\t<div class=\"elementor-element elementor-element-0d511b2 elementor-widget elementor-widget-text-editor\" data-id=\"0d511b2\" data-element_type=\"widget\" data-widget_type=\"text-editor.default\">\n\t\t\t\t<div class=\"elementor-widget-container\">\n\t\t\t\t\t\t\t\t\t<ul><li><span style=\"font-weight: 400;\">Th\u00e9otime Lamoureux<\/span> <br> University cooperation manager and Campus France coordinator<\/li>\n\n<li><span style=\"font-weight: 400;\">Jean-Paul Uwayezu <\/span><br>Exams coordinator<\/li>\n<li><span style=\"font-weight: 400;\">Raoul Mugabo<\/span> <br> Incumbent teacher<\/li>\n\n<li><span style=\"font-weight: 400;\">Richard Karagirwa<\/span> <br> Library manager<\/li>\n\n<li><span style=\"font-weight: 400;\"> Estella Triella Nduwayezu<\/span> <br> Library assistant<\/li>\n\n<li><span style=\"font-weight: 400;\">V\u00e9nuste Nkurayija<\/span> <br> Sound and light technician<\/li>\n<li><span style=\"font-weight: 400;\">La\u00ebtitia Mukasekuru<\/span> <br> Receptionist<\/li>\n\n<li><span style=\"font-weight: 400;\">Jean-Pierre Niyonzima<\/span> <br> Versatile agent<\/li>\n<\/ul>\t\t\t\t\t\t\t\t<\/div>\n\t\t\t\t<\/div>\n\t\t\t\t\t<\/div>\n\t\t<\/div>\n\t\t\t\t\t<\/div>\n\t\t<\/section>\n\t\t\t\t<div class=\"elementor-element elementor-element-464c8a6 elementor-align-center elementor-widget elementor-widget-button\" data-id=\"464c8a6\" data-element_type=\"widget\" data-widget_type=\"button.default\">\n\t\t\t\t<div class=\"elementor-widget-container\">\n\t\t\t\t\t\t\t\t\t<div class=\"elementor-button-wrapper\">\n\t\t\t\t\t<a class=\"elementor-button elementor-button-link elementor-size-sm\" href=\"https:\/\/if-rwanda.org\/contact\/\">\n\t\t\t\t\t\t<span class=\"elementor-button-content-wrapper\">\n\t\t\t\t\t\t\t\t\t<span class=\"elementor-button-text\">Contact us<\/span>\n\t\t\t\t\t<\/span>\n\t\t\t\t\t<\/a>\n\t\t\t\t<\/div>\n\t\t\t\t\t\t\t\t<\/div>\n\t\t\t\t<\/div>\n\t\t\t\t\t<\/div>\n\t\t<\/div>\n\t\t\t\t\t<\/div>\n\t\t<\/section>\n\t\t\t\t<\/div>\n\t\t","protected":false},"excerpt":{"rendered":"<p>Who we are? The French Institute of Rwanda welcomes you throughout the year in its Cultural Centre located in Kigali. Our staff The French Institute of Rwanda belongs to a large cultural network, composed of more than one hundred French Institutes in the world. The IFR aims to be a platform for exchange and dialogue, offering you several annual sessions of French courses, various cultural events and also support for joining a French university. Adriana Domagala Cooperation and Cultural Action Counselor and Director Johan-Hilel Hamel Managing director Florent Massat Cooperation and Cultural Action Attach\u00e9 Clara Couturier General secretary Damien Cattez Accountant Gr\u00e2ce Mugeni Accountant assistant Clotilde Lecoeur Cultural and communications manager Ana\u00eblle Gioia Pedagogical manager Th\u00e9otime Lamoureux University cooperation manager and Campus France coordinator Jean-Paul Uwayezu Exams coordinator Raoul Mugabo Incumbent teacher Richard Karagirwa Library manager Estella Triella Nduwayezu Library assistant V\u00e9nuste Nkurayija Sound and light technician La\u00ebtitia Mukasekuru Receptionist Jean-Pierre Niyonzima Versatile agent Contact us<\/p>\n","protected":false},"author":1,"featured_media":0,"parent":0,"menu_order":0,"comment_status":"closed","ping_status":"closed","template":"","meta":{"footnotes":""},"class_list":["post-3125","page","type-page","status-publish","hentry"],"publishpress_future_action":{"enabled":false,"date":"2026-04-28 11:47:29","action":"change-status","newStatus":"draft","terms":[],"taxonomy":"translation_priority","extraData":[]},"publishpress_future_workflow_manual_trigger":{"enabledWorkflows":[]},"_links":{"self":[{"href":"https:\/\/if-rwanda.org\/en\/wp-json\/wp\/v2\/pages\/3125","targetHints":{"allow":["GET"]}}],"collection":[{"href":"https:\/\/if-rwanda.org\/en\/wp-json\/wp\/v2\/pages"}],"about":[{"href":"https:\/\/if-rwanda.org\/en\/wp-json\/wp\/v2\/types\/page"}],"author":[{"embeddable":true,"href":"https:\/\/if-rwanda.org\/en\/wp-json\/wp\/v2\/users\/1"}],"replies":[{"embeddable":true,"href":"https:\/\/if-rwanda.org\/en\/wp-json\/wp\/v2\/comments?post=3125"}],"version-history":[{"count":1,"href":"https:\/\/if-rwanda.org\/en\/wp-json\/wp\/v2\/pages\/3125\/revisions"}],"predecessor-version":[{"id":3126,"href":"https:\/\/if-rwanda.org\/en\/wp-json\/wp\/v2\/pages\/3125\/revisions\/3126"}],"wp:attachment":[{"href":"https:\/\/if-rwanda.org\/en\/wp-json\/wp\/v2\/media?parent=3125"}],"curies":[{"name":"wp","href":"https:\/\/api.w.org\/{rel}","templated":true}]}}